{"id":362,"date":"2019-06-04T18:30:59","date_gmt":"2019-06-04T15:30:59","guid":{"rendered":"https:\/\/www.harmonyresidence.ro\/?page_id=362"},"modified":"2019-06-04T18:50:27","modified_gmt":"2019-06-04T15:50:27","slug":"termenii-si-conditiile","status":"publish","type":"page","link":"https:\/\/www.harmonyresidence.ro\/index.php\/termenii-si-conditiile\/","title":{"rendered":"Termenii si Conditiile"},"content":{"rendered":"<div class=\"fusion-fullwidth fullwidth-box fusion-builder-row-1 nonhundred-percent-fullwidth non-hundred-percent-height-scrolling\" style=\"background-color: rgba(255,255,255,0);background-position: center center;background-repeat: no-repeat;padding-top:0px;padding-right:0px;padding-bottom:0px;padding-left:0px;margin-bottom: 0px;margin-top: 0px;border-width: 0px 0px 0px 0px;border-color:#eae9e9;border-style:solid;\" ><div class=\"fusion-builder-row fusion-row\"><div class=\"fusion-layout-column fusion_builder_column fusion-builder-column-0 fusion_builder_column_1_1 1_1 fusion-one-full fusion-column-first fusion-column-last\" style=\"margin-top:0px;margin-bottom:20px;\"><div class=\"fusion-column-wrapper fusion-flex-column-wrapper-legacy\" style=\"background-position:left top;background-repeat:no-repeat;-webkit-background-size:cover;-moz-background-size:cover;-o-background-size:cover;background-size:cover;padding: 0px 0px 0px 0px;\"><div class=\"fusion-text fusion-text-1\" style=\"transform:translate3d(0,0,0);\"><p>Accesul \u015fi utilizarea site-ului <a href=\"mailto:office@harmonyresidence.ro\">www.harmonyresidence.ro<\/a> (denumit \u00een continuare \u201esite-ul \u201e) se realizeaz\u0103 \u00een termenii \u015fi condi\u0163iile de mai jos.<\/p>\n<p>1. ASPECTE GENERALE<br \/>\nAcest site este sub controlul \u015fi operat de TC DESIGN CONSTRUCT SRL (denumit \u00een continuare \u201cAdministratorul\u201d) cu sediul social \u00een Str. Calea lui Traian nr.171, Bl.7, Sc.D, ap.5, Mun. Rm Valcea, Jud. Valcea, \u00eenregistrat\u0103 la Registrul Comer\u0163ului sub nr. J38\/1189\/13.12.2017, cod de identificare fiscal\u0103 RO38597128, dezvoltatorul imobiliar al Ansamblului Rezidential Harmony Residence, situat in Str. Cantonului, nr. 62, comuna Corbeanca, jud. Ilfov.<br \/>\nLa accesarea site-ului, la toate chestiunile ap\u0103rute din sau \u00een leg\u0103tur\u0103 cu utilizarea \u015fi con\u0163inutul acestui<br \/>\nsite, se aplic\u0103 legisla\u0163ia din Rom\u00e2nia, iar orice eventuale dispute \u00een leg\u0103tur\u0103 cu utilizarea \u015fi con\u0163inutul<br \/>\nacestui site sunt supuse jurisdic\u0163iei exclusive a instan\u0163elor din Rom\u00e2nia.<br \/>\nAdministratorul declar\u0103 urm\u0103toarele:<br \/>\n\u2013 va depune toate eforturile rezonabile pentru realizarea scopului site-ului;<br \/>\n\u2013 va depune toate eforturile (din punct de vedere tehnic sau de alt\u0103 natur\u0103) pentru func\u0163ionarea \u00een bune condi\u0163ii a site-ului.<\/p>\n<p>\u00cen cazul apari\u0163iei unor situa\u0163ii noi, de orice natur\u0103, care impun acest lucru, Administratorul poate modifica termenii \u015fi condi\u0163iile de utilizare a site-ului, f\u0103r\u0103 notificarea prealabil\u0103 a persoanelor care \u00eel utilizeaz\u0103, denumite \u00een continuare \u201eUtilizatori \u201e.<br \/>\nUtilizatorii vor avea acces permanent la termenii \u015fi condi\u0163iile de utilizare a site-ului, pentru a le putea consulta \u00een orice moment. Cu toate acestea, Utilizatorii sunt informa\u0163i cu privire la posibilitatea apari\u0163iei unor disfunc\u0163ionalit\u0103\u0163i tehnice, caz \u00een care accesul la site \u015fi, implicit la termenii \u015fi condi\u0163iile de utilizare a acestuia, s\u0103 fie afectat, Administratorul neput\u00e2nd fi \u0163inut r\u0103spunz\u0103tor pentru astfel de disfunc\u0163ionalit\u0103\u0163i.<br \/>\nAcces\u00e2nd \u015fi navig\u00e2nd pe acest site, Utilizatorii accept\u0103 implicit, termenii \u015fi condi\u0163iile de utilizare a site-ului. \u00cen cazul \u00een care nu sunt de acord cu termenii \u015fi Condi\u0163iile impuse, Utilizatorii trebuie s\u0103 \u00eenceteze accesarea acestui site.<br \/>\nPrin acceptul de a utiliza site-ul, declarati ca intelegeti si sunteti de acord cu urmatoarele:<br \/>\ni. Folositi website-ul pe propria raspundere;<br \/>\nii. Administratorul este absolvit de orice raspundere, directa sau indirecta, incluzand, f\u0103r\u0103 limitare, garantari indirecte de vanzare sau in functie de specificatiile unui scop anume;<br \/>\niii. Administratorul nu ofera nicio garantie conform careia:<br \/>\na. Informatiile vor \u00eentruni cerintele dumneavoastra;<br \/>\nb. Serviciile vor functiona fara \u00eentrerupere, in perfecta siguranta sau fara erori;<br \/>\nc. Rezultatele obtinute din informatiile site-ului vor fi de maxima incredere sau precise;<br \/>\nd. Calitatea oricaror produse, servicii, informatii sau alte materiale cumparate sau obtinute prin intermediul site-ului va vor satisface cerintele;<br \/>\ne. Orice eroare va fi corectata.<\/p>\n<p>2. DESCRIEREA SERVICIILOR \u015eI BUNURILOR PROMOVATE PE SITE<br \/>\nPrin intermediul sec\u0163iunilor sale, site-ul pune la dispozi\u0163ia Utilizatorilor informa\u0163ii privind propriet\u0103\u0163ile imobiliare promovate de Administrator in vederea vanzarii acestora catre ter\u0163i.<\/p>\n<p>3. DREPTUL DE AUTOR<br \/>\nToate informa\u021biile si imaginile existente (inclusiv, dar f\u0103r\u0103 a se limita la texte, grafice, simboluri, elemente de grafic\u0103 Web, scripturi, programe si alte date) pe acest site sunt cu titlu informativ si apar\u0163in Administratorului. Niciun material de pe acest site nu poate fi reprodus par\u021bial, integral sau modificat f\u0103r\u0103 acordul expres exprimat \u00een prealabil de c\u0103tre Administrator. Toate drepturile sunt rezervate Administratorului.<br \/>\nEste strict interzis\u0103 folosirea acestui site in scopul distrugerii sau alterarii lui, a continutului sau a securitatii acestuia ori pentru discreditarea sau hartuirea administratorului. Utilizatorii sunt informa\u0163i asupra faptului c\u0103 Administratorul va aplica toate masurile de securitate tehnica si organizatorica necesare pentru protejarea datelor \u015fi informa\u0163iilor asupra carora detine dreptul de proprietate, impotriva oricarei situatii de manipulare accidentala sau intentionata, pierdere, distrugere sau impotriva accesului oricarei persoane neautorizate.<\/p>\n<p>4. CONFIDEN\u0162IALITATE \u015eI DATE CU CARACTER PERSONAL<br \/>\nToate datele colectate din utilizarea site-ului sunt procesate conform prevederilor legale aplicabile in Romania.<br \/>\nAdministratorul se angajeaza sa nu dezvaluie nici o informatie cu privire la vizitele Utilizatorilor pe acest site, exceptand situatiile legale sau eventuale solicit\u0103ri din partea autorit\u0103\u0163ilor competente.<br \/>\nAdministratorul nu va transmite nici unui tert datele personale ale Utilizatorilor.<br \/>\nOrice eventuale date personale apar\u0163in\u00e2nd Utilizatorilor, colectate urmare a vizitelor pe acest site vor fi tratate in conformitate cu legislatia \u00een vigoare privind protectia datelor cu caracter personal.<br \/>\nPrin completarea datelor de contact si a formularului de newsletter v\u0103 da\u021bi acordul de a primi notificari, mesaje si alte informatii. Administratorul nu isi asuma responsabilitatea pentru acuratetea datelor expediate catre formularul de contact si incluse in newsletter. Daca nu sunteti de acord cu colectarea datelor personale, nu sunteti obligat sa ni le oferiti. Folosirea acestui website reprezinta acceptul dumneavoastra expres si clar in concordanta cu Regulamentul (UE) 679\/2016 al Parlamentului European si al Consiliului\u00a0 privind protec\u0163ia persoanelor fizice \u00een ceea ce prive\u015fte prelucrarea datelor cu caracter personal \u015fi libera circula\u0163ie a acestor date (\u201eGDPR\u201d).<br \/>\nNe angaj\u0103m s\u0103 v\u0103 protej\u0103m datele personale \u015fi s\u0103 respect\u0103m legisla\u0163ia rom\u00e2n\u0103 referitoare la protec\u0163ia datelor cu caracter personal \u015fi libera circula\u0163ie a acestor date (<span style=\"text-decoration: line-through;\">conform prevederilor <\/span>Regulamentul (UE) 679\/2016 al Parlamentului European si al Consiliului\u00a0 privind protec\u0163ia persoanelor fizice \u00een ceea ce prive\u015fte prelucrarea datelor cu caracter personal \u015fi libera circula\u0163ie a acestor date (\u201eGDPR\u201d)<span style=\"text-decoration: line-through;\">,<\/span> precum \u015fi orice alte acte normative ce vor deveni incidente \u00een cauz\u0103).<\/p>\n<p>5. OFERTELE \u015eI PROMOTIILE DE PE SITE<br \/>\nInformatiile sunt oferite pe acest site cu buna credinta, iar Administratorul nu poate fi \u0163inut raspunzatoar pentru niciun fel de prejudiciu, de orice natura (direct, indirect, accidental sau altfel) ce rezult\u0103 din folosirea sau din incapacitatea de folosire corecta a informatiei prezentate pe site sau pentru orice tip de erori sau omisiuni in continut care pot conduce la orice fel de prejudicii.<br \/>\nInformatia prezentata poate include inacurateti de ordin tehnic sau erori de tastare, astfel ca nu se garanteaza ca informatiile sunt exacte, complete sau obiective.<br \/>\nAdministratorul poate anun\u0163a pe site \u015fi organiza in orice moment campanii publicitare, oferte speciale si\/sau promotii aplicabile oricaror bunuri sau servicii pe care le dezvolt\u0103\/furnizeaz\u0103. Referirea la orice produs sau serviciu \u00een acest site nu constituie o ofert\u0103 de a vinde sau de a furniza acel produs sau serviciu. \u00cenainte de achizi\u0163ionare, Utilizatorii trebuie s\u0103 cerceteze recomand\u0103rile specifice privind disponibilitatea \u015fi conditiile de vanzare \/ achizitie a oric\u0103rui anumit bun sau serviciu direct cu reprezentantii Dezvoltatorul Imobiliar.<br \/>\nCampaniile, ofertele speciale si promotiile derulate de Administrator sunt supuse unor limite numerice si cantitative, adica in limita stocului disponibil . Ofertele financiare, numarul unitatilor imobiliare, valabilitatea in timp a campaniilor publicitare si promotiilor\/ofertelor nu necesita acordul Utilizatorilor si pot fi schimbate oricand fara a necesita anuntarea prealabila. Utilizatorilor li se recomanda sa consulte de indata reprezentantii Dezvoltatorul Imobiliar la datele de contact afi\u015fate pe site pentru a afla informa\u0163ii actualizate in legatura cu valabilitatea si disponibilitatea ofertelor de care sunt interesati. In cazul in care oferta este acceptata, dar nu este concretizata in timp util prin semnarea unui act juridic privind rezervarea\/antecontractarea unit\u0103\u0163ii imobiliare ofertate,<br \/>\nDezvoltatorul Imobiliar nu este obligat s\u0103 men\u0163in\u0103 pretul din cadrul campaniei\/ofertei\/promo\u0163iei.<br \/>\nUnitatile din blocurile 1-5 care reintra in circuitul de vanzare \/ disponibilitate in urma rezilierii antecontractelor de vanzare\/cumparare se incadreaza ca si preturi in categoria celor din blocul 6.<br \/>\nAdministratorul \u00ee\u015fi rezerv\u0103 dreptul de a retrage oferta, in orice moment, fara sa fie obligat sa motiveze aceast\u0103 decizie, de a suspenda, modifica, ad\u0103uga sau \u015fterge \u00een orice moment sec\u0163iuni sau p\u0103r\u0163i ale site-ului. Orice modificare va intra in vigoare din momentul public\u0103rii pe acest site.<\/p>\n<p>6. NEANGAJAREA R\u0102SPUNDERII<br \/>\nUtilizatorul folose\u015fte site-ul pe riscul propriu. Con\u0163inutul site-ului este prezentat f\u0103r\u0103 nicio garan\u0163ie, de nicio natur\u0103.<br \/>\nAdministratorul site-ului depune eforturi pentru ca aceste informa\u0163ii s\u0103 fie corecte \u015fi oferite la timp.<br \/>\nPot interveni erori sau omisiuni. La semnalarea eventualelor erori, Administratorul va \u00eencerca \u00een cel mai scurt timp remedierea acestora.<br \/>\nInforma\u0163ia oferit\u0103 este exclusiv de natur\u0103 general\u0103 \u015fi nu este \u00een mod obligatoriu complet\u0103 sau actualizat\u0103.<br \/>\nAcest site poate con\u0163ine trimiteri (link-uri) c\u0103tre alte site-uri care nu apar\u0163in acestui site. Site-ul nu este r\u0103spunz\u0103tor de con\u0163inutul acestor site-uri c\u0103tre care se face trimitere. Includerea oric\u0103rui link c\u0103tre astfel de site-uri nu implic\u0103 aprobarea sau avizul oferit de c\u0103tre acest site pentru acele site-uri sau pentru con\u0163inutul lor.<br \/>\nSite-ul nu \u00ee\u015fi asum\u0103 nici o responsabilitate \u015fi nu va fi r\u0103spunz\u0103tor pentru nici o daun\u0103 sau viru\u015fi care ar putea s\u0103 afecteze computerul sau alte bunuri ale Utilizatorilor \u00een urma acces\u0103rii sau utiliz\u0103rii acestui site, sau desc\u0103rc\u0103rii oric\u0103rui material, text, imagini video sau audio de pe acesta. De\u015fi Administratorul<br \/>\ndepune toate eforturile pentru ca site-ul s\u0103 fie disponibil permanent, sunt necesare opera\u0163iuni de \u00eentre\u0163inere de rutin\u0103. Prin urmare, Administratorul nu garanteaz\u0103 disponibilitatea permanent\u0103 sau faptul c\u0103 va putea fi accesat \u00eentotdeauna cu o anumit\u0103 vitez\u0103 sau cu o anumit\u0103 func\u0163ionalitate.<\/p>\n<\/div><div class=\"fusion-clearfix\"><\/div><\/div><\/div><\/div><\/div>\n","protected":false},"excerpt":{"rendered":"","protected":false},"author":2,"featured_media":0,"parent":0,"menu_order":0,"comment_status":"closed","ping_status":"closed","template":"100-width.php","meta":[],"yoast_head":"<!-- This site is optimized with the Yoast SEO plugin v16.0.1 - https:\/\/yoast.com\/wordpress\/plugins\/seo\/ -->\n<title>Termenii si Conditiile - Harmony Residence<\/title>\n<meta name=\"robots\" content=\"index, follow, max-snippet:-1, max-image-preview:large, max-video-preview:-1\" \/>\n<link rel=\"canonical\" href=\"https:\/\/www.harmonyresidence.ro\/index.php\/termenii-si-conditiile\/\" \/>\n<meta property=\"og:locale\" content=\"ro_RO\" \/>\n<meta property=\"og:type\" content=\"article\" \/>\n<meta property=\"og:title\" content=\"Termenii si Conditiile - Harmony Residence\" \/>\n<meta property=\"og:url\" content=\"https:\/\/www.harmonyresidence.ro\/index.php\/termenii-si-conditiile\/\" \/>\n<meta property=\"og:site_name\" content=\"Harmony Residence\" \/>\n<meta property=\"article:modified_time\" content=\"2019-06-04T15:50:27+00:00\" \/>\n<meta name=\"twitter:card\" content=\"summary_large_image\" \/>\n<meta name=\"twitter:label1\" content=\"Timp estimat pentru citire\">\n\t<meta name=\"twitter:data1\" content=\"9 minute\">\n<script type=\"application\/ld+json\" class=\"yoast-schema-graph\">{\"@context\":\"https:\/\/schema.org\",\"@graph\":[{\"@type\":\"WebSite\",\"@id\":\"https:\/\/www.harmonyresidence.ro\/#website\",\"url\":\"https:\/\/www.harmonyresidence.ro\/\",\"name\":\"Harmony Residence\",\"description\":\"Corbeanca\",\"potentialAction\":[{\"@type\":\"SearchAction\",\"target\":\"https:\/\/www.harmonyresidence.ro\/?s={search_term_string}\",\"query-input\":\"required name=search_term_string\"}],\"inLanguage\":\"ro-RO\"},{\"@type\":\"WebPage\",\"@id\":\"https:\/\/www.harmonyresidence.ro\/index.php\/termenii-si-conditiile\/#webpage\",\"url\":\"https:\/\/www.harmonyresidence.ro\/index.php\/termenii-si-conditiile\/\",\"name\":\"Termenii si Conditiile - Harmony Residence\",\"isPartOf\":{\"@id\":\"https:\/\/www.harmonyresidence.ro\/#website\"},\"datePublished\":\"2019-06-04T15:30:59+00:00\",\"dateModified\":\"2019-06-04T15:50:27+00:00\",\"breadcrumb\":{\"@id\":\"https:\/\/www.harmonyresidence.ro\/index.php\/termenii-si-conditiile\/#breadcrumb\"},\"inLanguage\":\"ro-RO\",\"potentialAction\":[{\"@type\":\"ReadAction\",\"target\":[\"https:\/\/www.harmonyresidence.ro\/index.php\/termenii-si-conditiile\/\"]}]},{\"@type\":\"BreadcrumbList\",\"@id\":\"https:\/\/www.harmonyresidence.ro\/index.php\/termenii-si-conditiile\/#breadcrumb\",\"itemListElement\":[{\"@type\":\"ListItem\",\"position\":1,\"item\":{\"@type\":\"WebPage\",\"@id\":\"https:\/\/www.harmonyresidence.ro\/\",\"url\":\"https:\/\/www.harmonyresidence.ro\/\",\"name\":\"Home\"}},{\"@type\":\"ListItem\",\"position\":2,\"item\":{\"@type\":\"WebPage\",\"@id\":\"https:\/\/www.harmonyresidence.ro\/index.php\/termenii-si-conditiile\/\",\"url\":\"https:\/\/www.harmonyresidence.ro\/index.php\/termenii-si-conditiile\/\",\"name\":\"Termenii si Conditiile\"}}]}]}<\/script>\n<!-- \/ Yoast SEO plugin. -->","_links":{"self":[{"href":"https:\/\/www.harmonyresidence.ro\/index.php\/wp-json\/wp\/v2\/pages\/362"}],"collection":[{"href":"https:\/\/www.harmonyresidence.ro\/index.php\/wp-json\/wp\/v2\/pages"}],"about":[{"href":"https:\/\/www.harmonyresidence.ro\/index.php\/wp-json\/wp\/v2\/types\/page"}],"author":[{"embeddable":true,"href":"https:\/\/www.harmonyresidence.ro\/index.php\/wp-json\/wp\/v2\/users\/2"}],"replies":[{"embeddable":true,"href":"https:\/\/www.harmonyresidence.ro\/index.php\/wp-json\/wp\/v2\/comments?post=362"}],"version-history":[{"count":2,"href":"https:\/\/www.harmonyresidence.ro\/index.php\/wp-json\/wp\/v2\/pages\/362\/revisions"}],"predecessor-version":[{"id":364,"href":"https:\/\/www.harmonyresidence.ro\/index.php\/wp-json\/wp\/v2\/pages\/362\/revisions\/364"}],"wp:attachment":[{"href":"https:\/\/www.harmonyresidence.ro\/index.php\/wp-json\/wp\/v2\/media?parent=362"}],"curies":[{"name":"wp","href":"https:\/\/api.w.org\/{rel}","templated":true}]}}